{"id":328,"date":"2024-02-12T19:40:35","date_gmt":"2024-02-12T19:40:35","guid":{"rendered":"http:\/\/arch-papp.com\/?page_id=328"},"modified":"2024-02-13T12:31:16","modified_gmt":"2024-02-13T12:31:16","slug":"budynek-uslugowy-darlowko-zachodnie","status":"publish","type":"page","link":"https:\/\/arch-papp.com\/?page_id=328","title":{"rendered":"BUDYNEK US\u0141UGOWY DAR\u0141\u00d3WKO ZACHODNIE"},"content":{"rendered":"\n<div class=\"wp-block-columns alignwide is-layout-flex wp-container-core-columns-is-layout-7e464bea wp-block-columns-is-layout-flex\">\n<div class=\"wp-block-column is-layout-flow wp-block-column-is-layout-flow\" style=\"flex-basis:300px\">\n<p>BUDYNEK US\u0141UGOWY<\/p>\n\n\n\n<p>DAR\u0141\u00d3WKO ZACHODNIE, ZACHODNIOPOMORSKIE<\/p>\n\n\n\n<p>projekt budowlano &#8211; wykonawczy<\/p>\n<\/div>\n\n\n\n<div class=\"wp-block-column is-layout-flow wp-block-column-is-layout-flow\" style=\"padding-bottom:var(--wp--preset--spacing--30);flex-basis:1000px\">\n<\/div>\n<\/div>\n","protected":false},"excerpt":{"rendered":"<p>BUDYNEK US\u0141UGOWY DAR\u0141\u00d3WKO ZACHODNIE, ZACHODNIOPOMORSKIE projekt budowlano &#8211; wykonawczy<\/p>\n","protected":false},"author":2,"featured_media":0,"parent":131,"menu_order":0,"comment_status":"closed","ping_status":"closed","template":"page-wide-2","meta":{"footnotes":""},"class_list":["post-328","page","type-page","status-publish","hentry"],"_links":{"self":[{"href":"https:\/\/arch-papp.com\/index.php?rest_route=\/wp\/v2\/pages\/328","targetHints":{"allow":["GET"]}}],"collection":[{"href":"https:\/\/arch-papp.com\/index.php?rest_route=\/wp\/v2\/pages"}],"about":[{"href":"https:\/\/arch-papp.com\/index.php?rest_route=\/wp\/v2\/types\/page"}],"author":[{"embeddable":true,"href":"https:\/\/arch-papp.com\/index.php?rest_route=\/wp\/v2\/users\/2"}],"replies":[{"embeddable":true,"href":"https:\/\/arch-papp.com\/index.php?rest_route=%2Fwp%2Fv2%2Fcomments&post=328"}],"version-history":[{"count":3,"href":"https:\/\/arch-papp.com\/index.php?rest_route=\/wp\/v2\/pages\/328\/revisions"}],"predecessor-version":[{"id":526,"href":"https:\/\/arch-papp.com\/index.php?rest_route=\/wp\/v2\/pages\/328\/revisions\/526"}],"up":[{"embeddable":true,"href":"https:\/\/arch-papp.com\/index.php?rest_route=\/wp\/v2\/pages\/131"}],"wp:attachment":[{"href":"https:\/\/arch-papp.com\/index.php?rest_route=%2Fwp%2Fv2%2Fmedia&parent=328"}],"curies":[{"name":"wp","href":"https:\/\/api.w.org\/{rel}","templated":true}]}}