{"id":334,"date":"2024-02-12T19:51:24","date_gmt":"2024-02-12T19:51:24","guid":{"rendered":"http:\/\/arch-papp.com\/?page_id=334"},"modified":"2024-02-13T13:03:55","modified_gmt":"2024-02-13T13:03:55","slug":"budynek-uslugowy-biale-blota","status":"publish","type":"page","link":"https:\/\/arch-papp.com\/?page_id=334","title":{"rendered":"BUDYNEK US\u0141UGOWY BIA\u0141E B\u0141OTA"},"content":{"rendered":"\n<div class=\"wp-block-columns alignwide is-layout-flex wp-container-core-columns-is-layout-7e464bea wp-block-columns-is-layout-flex\">\n<div class=\"wp-block-column is-layout-flow wp-block-column-is-layout-flow\" style=\"flex-basis:300px\">\n<p>BUDYNEK US\u0141UGOWY<\/p>\n\n\n\n<p>BIA\u0141E B\u0141OTA, KUJAWSKO &#8211; POMORSKIE<\/p>\n\n\n\n<p>projekt budowlany, realizacyjny<\/p>\n<\/div>\n\n\n\n<div class=\"wp-block-column is-layout-flow wp-block-column-is-layout-flow\" style=\"padding-bottom:var(--wp--preset--spacing--30);flex-basis:1000px\">\n<\/div>\n<\/div>\n","protected":false},"excerpt":{"rendered":"<p>BUDYNEK US\u0141UGOWY BIA\u0141E B\u0141OTA, KUJAWSKO &#8211; POMORSKIE projekt budowlany, realizacyjny<\/p>\n","protected":false},"author":2,"featured_media":0,"parent":131,"menu_order":0,"comment_status":"closed","ping_status":"closed","template":"page-wide-2","meta":{"footnotes":""},"class_list":["post-334","page","type-page","status-publish","hentry"],"_links":{"self":[{"href":"https:\/\/arch-papp.com\/index.php?rest_route=\/wp\/v2\/pages\/334","targetHints":{"allow":["GET"]}}],"collection":[{"href":"https:\/\/arch-papp.com\/index.php?rest_route=\/wp\/v2\/pages"}],"about":[{"href":"https:\/\/arch-papp.com\/index.php?rest_route=\/wp\/v2\/types\/page"}],"author":[{"embeddable":true,"href":"https:\/\/arch-papp.com\/index.php?rest_route=\/wp\/v2\/users\/2"}],"replies":[{"embeddable":true,"href":"https:\/\/arch-papp.com\/index.php?rest_route=%2Fwp%2Fv2%2Fcomments&post=334"}],"version-history":[{"count":3,"href":"https:\/\/arch-papp.com\/index.php?rest_route=\/wp\/v2\/pages\/334\/revisions"}],"predecessor-version":[{"id":545,"href":"https:\/\/arch-papp.com\/index.php?rest_route=\/wp\/v2\/pages\/334\/revisions\/545"}],"up":[{"embeddable":true,"href":"https:\/\/arch-papp.com\/index.php?rest_route=\/wp\/v2\/pages\/131"}],"wp:attachment":[{"href":"https:\/\/arch-papp.com\/index.php?rest_route=%2Fwp%2Fv2%2Fmedia&parent=334"}],"curies":[{"name":"wp","href":"https:\/\/api.w.org\/{rel}","templated":true}]}}