{"id":336,"date":"2024-02-12T19:57:16","date_gmt":"2024-02-12T19:57:16","guid":{"rendered":"http:\/\/arch-papp.com\/?page_id=336"},"modified":"2024-02-13T12:30:41","modified_gmt":"2024-02-13T12:30:41","slug":"budynek-mieszkalny-wagrowiec","status":"publish","type":"page","link":"https:\/\/arch-papp.com\/?page_id=336","title":{"rendered":"BUDYNEK MIESZKALNY W\u0104GROWIEC"},"content":{"rendered":"\n<div class=\"wp-block-columns alignwide is-layout-flex wp-container-core-columns-is-layout-7e464bea wp-block-columns-is-layout-flex\">\n<div class=\"wp-block-column is-layout-flow wp-block-column-is-layout-flow\" style=\"flex-basis:300px\">\n<p>BUDYNEK MIESZKALNY<\/p>\n\n\n\n<p>W\u0104GROWIEC, WIELKOPOLSKIE<\/p>\n\n\n\n<p>projekt budowlany, realizacyjny<\/p>\n\n\n\n<p>wsp\u00f3\u0142praca &#8211; architektura <\/p>\n<\/div>\n\n\n\n<div class=\"wp-block-column is-layout-flow wp-block-column-is-layout-flow\" style=\"padding-bottom:var(--wp--preset--spacing--30);flex-basis:1000px\">\n<\/div>\n<\/div>\n","protected":false},"excerpt":{"rendered":"<p>BUDYNEK MIESZKALNY W\u0104GROWIEC, WIELKOPOLSKIE projekt budowlany, realizacyjny wsp\u00f3\u0142praca &#8211; architektura<\/p>\n","protected":false},"author":2,"featured_media":0,"parent":131,"menu_order":0,"comment_status":"closed","ping_status":"closed","template":"page-wide-2","meta":{"footnotes":""},"class_list":["post-336","page","type-page","status-publish","hentry"],"_links":{"self":[{"href":"https:\/\/arch-papp.com\/index.php?rest_route=\/wp\/v2\/pages\/336","targetHints":{"allow":["GET"]}}],"collection":[{"href":"https:\/\/arch-papp.com\/index.php?rest_route=\/wp\/v2\/pages"}],"about":[{"href":"https:\/\/arch-papp.com\/index.php?rest_route=\/wp\/v2\/types\/page"}],"author":[{"embeddable":true,"href":"https:\/\/arch-papp.com\/index.php?rest_route=\/wp\/v2\/users\/2"}],"replies":[{"embeddable":true,"href":"https:\/\/arch-papp.com\/index.php?rest_route=%2Fwp%2Fv2%2Fcomments&post=336"}],"version-history":[{"count":4,"href":"https:\/\/arch-papp.com\/index.php?rest_route=\/wp\/v2\/pages\/336\/revisions"}],"predecessor-version":[{"id":525,"href":"https:\/\/arch-papp.com\/index.php?rest_route=\/wp\/v2\/pages\/336\/revisions\/525"}],"up":[{"embeddable":true,"href":"https:\/\/arch-papp.com\/index.php?rest_route=\/wp\/v2\/pages\/131"}],"wp:attachment":[{"href":"https:\/\/arch-papp.com\/index.php?rest_route=%2Fwp%2Fv2%2Fmedia&parent=336"}],"curies":[{"name":"wp","href":"https:\/\/api.w.org\/{rel}","templated":true}]}}