{"id":623,"date":"2025-09-09T11:47:25","date_gmt":"2025-09-09T11:47:25","guid":{"rendered":"https:\/\/arch-papp.com\/?page_id=623"},"modified":"2025-09-09T11:47:25","modified_gmt":"2025-09-09T11:47:25","slug":"tereny-rekreacyjne-dabki-2","status":"publish","type":"page","link":"https:\/\/arch-papp.com\/?page_id=623","title":{"rendered":"PARK EDUKACJI EKOLOGICZNEJ WRZE\u015aNIA"},"content":{"rendered":"\n<div class=\"wp-block-columns alignwide is-layout-flex wp-container-core-columns-is-layout-7e464bea wp-block-columns-is-layout-flex\">\n<div class=\"wp-block-column is-layout-flow wp-block-column-is-layout-flow\" style=\"padding-right:var(--wp--preset--spacing--30);flex-basis:300px\">\n<p>TEREN REKREACYJNY O CHARAKTERZE EDUKACYJNYM PRZY PLAC\u00d3WCE SZKOLNEJ<\/p>\n\n\n\n<p>WRZE\u015aNIA, WIELKOPOLSKIE<\/p>\n\n\n\n<p>projekt budowlano &#8211; wykonawczy realizacyjny, koordynacja i wsp\u00f3\u0142praca w zakresie architektury<\/p>\n<\/div>\n\n\n\n<div class=\"wp-block-column is-layout-flow wp-block-column-is-layout-flow\" style=\"padding-bottom:var(--wp--preset--spacing--30);flex-basis:1000px\">\n<\/div>\n<\/div>\n\n\n\n<p><\/p>\n","protected":false},"excerpt":{"rendered":"<p>TEREN REKREACYJNY O CHARAKTERZE EDUKACYJNYM PRZY PLAC\u00d3WCE SZKOLNEJ WRZE\u015aNIA, WIELKOPOLSKIE projekt budowlano &#8211; wykonawczy realizacyjny, koordynacja i wsp\u00f3\u0142praca w zakresie architektury<\/p>\n","protected":false},"author":2,"featured_media":572,"parent":131,"menu_order":0,"comment_status":"closed","ping_status":"closed","template":"page-wide-2","meta":{"footnotes":""},"class_list":["post-623","page","type-page","status-publish","has-post-thumbnail","hentry"],"_links":{"self":[{"href":"https:\/\/arch-papp.com\/index.php?rest_route=\/wp\/v2\/pages\/623","targetHints":{"allow":["GET"]}}],"collection":[{"href":"https:\/\/arch-papp.com\/index.php?rest_route=\/wp\/v2\/pages"}],"about":[{"href":"https:\/\/arch-papp.com\/index.php?rest_route=\/wp\/v2\/types\/page"}],"author":[{"embeddable":true,"href":"https:\/\/arch-papp.com\/index.php?rest_route=\/wp\/v2\/users\/2"}],"replies":[{"embeddable":true,"href":"https:\/\/arch-papp.com\/index.php?rest_route=%2Fwp%2Fv2%2Fcomments&post=623"}],"version-history":[{"count":1,"href":"https:\/\/arch-papp.com\/index.php?rest_route=\/wp\/v2\/pages\/623\/revisions"}],"predecessor-version":[{"id":624,"href":"https:\/\/arch-papp.com\/index.php?rest_route=\/wp\/v2\/pages\/623\/revisions\/624"}],"up":[{"embeddable":true,"href":"https:\/\/arch-papp.com\/index.php?rest_route=\/wp\/v2\/pages\/131"}],"wp:featuredmedia":[{"embeddable":true,"href":"https:\/\/arch-papp.com\/index.php?rest_route=\/wp\/v2\/media\/572"}],"wp:attachment":[{"href":"https:\/\/arch-papp.com\/index.php?rest_route=%2Fwp%2Fv2%2Fmedia&parent=623"}],"curies":[{"name":"wp","href":"https:\/\/api.w.org\/{rel}","templated":true}]}}