{"id":711,"date":"2025-09-09T18:51:19","date_gmt":"2025-09-09T18:51:19","guid":{"rendered":"https:\/\/arch-papp.com\/?page_id=711"},"modified":"2025-09-09T19:03:07","modified_gmt":"2025-09-09T19:03:07","slug":"rewitalizacja-parkow-darlowo-2","status":"publish","type":"page","link":"https:\/\/arch-papp.com\/?page_id=711","title":{"rendered":"REWITALIZACJA PARK\u00d3W DAR\u0141OWO #2"},"content":{"rendered":"\n<div class=\"wp-block-columns alignwide is-layout-flex wp-container-core-columns-is-layout-7e464bea wp-block-columns-is-layout-flex\">\n<div class=\"wp-block-column is-layout-flow wp-block-column-is-layout-flow\" style=\"padding-right:var(--wp--preset--spacing--30);flex-basis:300px\">\n<p>REWITALIZACJA PRZESTRZENI PUBLICZNYCH<\/p>\n\n\n\n<p>CHODZIE\u017b, WIELKOPOLSKIE<\/p>\n\n\n\n<p>koordynacja i wsp\u00f3\u0142praca w zakresie architektury, projekt budowlano &#8211; wykonawczy realizacyjny<\/p>\n<\/div>\n\n\n\n<div class=\"wp-block-column is-layout-flow wp-block-column-is-layout-flow\" style=\"padding-bottom:var(--wp--preset--spacing--30);flex-basis:1000px\">\n<\/div>\n<\/div>\n\n\n\n<p><\/p>\n","protected":false},"excerpt":{"rendered":"<p>REWITALIZACJA PRZESTRZENI PUBLICZNYCH CHODZIE\u017b, WIELKOPOLSKIE koordynacja i wsp\u00f3\u0142praca w zakresie architektury, projekt budowlano &#8211; wykonawczy realizacyjny<\/p>\n","protected":false},"author":2,"featured_media":572,"parent":131,"menu_order":0,"comment_status":"closed","ping_status":"closed","template":"page-wide-2","meta":{"footnotes":""},"class_list":["post-711","page","type-page","status-publish","has-post-thumbnail","hentry"],"_links":{"self":[{"href":"https:\/\/arch-papp.com\/index.php?rest_route=\/wp\/v2\/pages\/711","targetHints":{"allow":["GET"]}}],"collection":[{"href":"https:\/\/arch-papp.com\/index.php?rest_route=\/wp\/v2\/pages"}],"about":[{"href":"https:\/\/arch-papp.com\/index.php?rest_route=\/wp\/v2\/types\/page"}],"author":[{"embeddable":true,"href":"https:\/\/arch-papp.com\/index.php?rest_route=\/wp\/v2\/users\/2"}],"replies":[{"embeddable":true,"href":"https:\/\/arch-papp.com\/index.php?rest_route=%2Fwp%2Fv2%2Fcomments&post=711"}],"version-history":[{"count":2,"href":"https:\/\/arch-papp.com\/index.php?rest_route=\/wp\/v2\/pages\/711\/revisions"}],"predecessor-version":[{"id":721,"href":"https:\/\/arch-papp.com\/index.php?rest_route=\/wp\/v2\/pages\/711\/revisions\/721"}],"up":[{"embeddable":true,"href":"https:\/\/arch-papp.com\/index.php?rest_route=\/wp\/v2\/pages\/131"}],"wp:featuredmedia":[{"embeddable":true,"href":"https:\/\/arch-papp.com\/index.php?rest_route=\/wp\/v2\/media\/572"}],"wp:attachment":[{"href":"https:\/\/arch-papp.com\/index.php?rest_route=%2Fwp%2Fv2%2Fmedia&parent=711"}],"curies":[{"name":"wp","href":"https:\/\/api.w.org\/{rel}","templated":true}]}}